{"id":2656,"date":"2023-03-06T15:28:00","date_gmt":"2023-03-06T15:28:00","guid":{"rendered":"https:\/\/polielos.com.br\/23\/?page_id=2656"},"modified":"2023-03-20T12:18:49","modified_gmt":"2023-03-20T12:18:49","slug":"roscas-para-extrusora","status":"publish","type":"page","link":"https:\/\/polielos.com.br\/23\/roscas-para-extrusora\/","title":{"rendered":"Roscas para Extrusora"},"content":{"rendered":"\n<figure class=\"wp-block-image size-full\"><img loading=\"lazy\" decoding=\"async\" width=\"460\" height=\"135\" src=\"https:\/\/polielos.com.br\/23\/wp-content\/uploads\/2023\/03\/rosca-para-extrusora.jpg\" alt=\"\" class=\"wp-image-2660\" srcset=\"https:\/\/polielos.com.br\/23\/wp-content\/uploads\/2023\/03\/rosca-para-extrusora.jpg 460w, https:\/\/polielos.com.br\/23\/wp-content\/uploads\/2023\/03\/rosca-para-extrusora-300x88.jpg 300w\" sizes=\"auto, (max-width: 460px) 100vw, 460px\" \/><figcaption class=\"wp-element-caption\"><strong>Rosca para Extrusora<\/strong><\/figcaption><\/figure>\n\n\n\n<p>As <strong>Roscas para Extrusoras <\/strong>s\u00e3o divididas em extrusoras de<strong> rosca simples<\/strong> ou <strong>dupla rosca<\/strong>.<\/p>\n\n\n\n<p>As mono rosca s\u00e3o mais populares por ter um custo mais baixo, design simples, robustez e confiabilidade. Os tamanhos variam bastante.<\/p>\n\n\n\n<figure class=\"wp-block-image size-large\"><img loading=\"lazy\" decoding=\"async\" width=\"1024\" height=\"680\" src=\"https:\/\/polielos.com.br\/23\/wp-content\/uploads\/2023\/03\/rosca-extrusora-1-1024x680.jpg\" alt=\"\" class=\"wp-image-2662\" srcset=\"https:\/\/polielos.com.br\/23\/wp-content\/uploads\/2023\/03\/rosca-extrusora-1-1024x680.jpg 1024w, https:\/\/polielos.com.br\/23\/wp-content\/uploads\/2023\/03\/rosca-extrusora-1-300x199.jpg 300w, https:\/\/polielos.com.br\/23\/wp-content\/uploads\/2023\/03\/rosca-extrusora-1-768x510.jpg 768w, https:\/\/polielos.com.br\/23\/wp-content\/uploads\/2023\/03\/rosca-extrusora-1.jpg 1445w\" sizes=\"auto, (max-width: 1024px) 100vw, 1024px\" \/><\/figure>\n\n\n\n<p>Somos especializados na\u00a0<strong>Fabrica\u00e7\u00e3o\u00a0de Roscas para Extrusoras<\/strong>.<\/p>\n\n\n\n<p>Tamb\u00e9m oferecemos&nbsp;<strong>Recupera\u00e7\u00e3o de Roscas para Extrusoras e Injetoras<\/strong>&nbsp;que \u00e9 uma alternativa para a substitui\u00e7\u00e3o de pe\u00e7as muito atraente por oferecer valores muito inferiores a constru\u00e7\u00e3o de novas roscas.<\/p>\n\n\n\n<p>Seguimos crit\u00e9rios t\u00e9cnicos muito rigoroso na&nbsp;<strong>Fabrica\u00e7\u00e3o de Roscas.&nbsp;<\/strong>Definimos atrav\u00e9s da geometria as mat\u00e9rias primas corretas para execu\u00e7\u00e3o de cada servi\u00e7o.<\/p>\n\n\n\n<p>Oferecemos tamb\u00e9m a&nbsp;<strong>Fabrica\u00e7\u00e3o de pe\u00e7as de Injetoras e Sopradoras.<\/strong><\/p>\n\n\n\n<h3 class=\"wp-block-heading\">Solicite um or\u00e7amento agora mesmo para a Recupera\u00e7\u00e3o de Cilindro e Rosca<\/h3>\n\n\n\n<p>Ligue (11) 4229-7277 ou envie um e-mail para: polielos@polielos.com.br<\/p>\n","protected":false},"excerpt":{"rendered":"<p>As Roscas para Extrusoras s\u00e3o divididas em extrusoras de rosca simples ou dupla rosca. As [&hellip;]<\/p>\n","protected":false},"author":1,"featured_media":0,"parent":0,"menu_order":0,"comment_status":"closed","ping_status":"closed","template":"","meta":{"_mi_skip_tracking":false,"footnotes":""},"class_list":["post-2656","page","type-page","status-publish","hentry"],"aioseo_notices":[],"_links":{"self":[{"href":"https:\/\/polielos.com.br\/23\/wp-json\/wp\/v2\/pages\/2656","targetHints":{"allow":["GET"]}}],"collection":[{"href":"https:\/\/polielos.com.br\/23\/wp-json\/wp\/v2\/pages"}],"about":[{"href":"https:\/\/polielos.com.br\/23\/wp-json\/wp\/v2\/types\/page"}],"author":[{"embeddable":true,"href":"https:\/\/polielos.com.br\/23\/wp-json\/wp\/v2\/users\/1"}],"replies":[{"embeddable":true,"href":"https:\/\/polielos.com.br\/23\/wp-json\/wp\/v2\/comments?post=2656"}],"version-history":[{"count":2,"href":"https:\/\/polielos.com.br\/23\/wp-json\/wp\/v2\/pages\/2656\/revisions"}],"predecessor-version":[{"id":2663,"href":"https:\/\/polielos.com.br\/23\/wp-json\/wp\/v2\/pages\/2656\/revisions\/2663"}],"wp:attachment":[{"href":"https:\/\/polielos.com.br\/23\/wp-json\/wp\/v2\/media?parent=2656"}],"curies":[{"name":"wp","href":"https:\/\/api.w.org\/{rel}","templated":true}]}}