{"id":2581,"date":"2023-02-27T00:43:35","date_gmt":"2023-02-27T00:43:35","guid":{"rendered":"https:\/\/polielos.com.br\/2023\/?page_id=2581"},"modified":"2023-02-27T00:43:39","modified_gmt":"2023-02-27T00:43:39","slug":"portfolio","status":"publish","type":"page","link":"https:\/\/polielos.com.br\/2023\/index.php\/portfolio\/","title":{"rendered":"Portfolio"},"content":{"rendered":"\n<p>Somos uma empresa empresa especializada na constru\u00e7\u00e3o e recupera\u00e7\u00e3o de cilindros , roscas e perif\u00e9ricos , de injetoras e extrusoras de ( perfil ,sopro e filme).<\/p>\n\n\n\n<h3 class=\"wp-block-heading\">Empresa com mais de 20 anos de mercado.<\/h3>\n\n\n\n<p>Com sede pr\u00f3pria , estamos localizados em S\u00e3o Caetano do Sul (travessa da avenida do Estado) local de f\u00e1cil acesso a todo ABCD e Grande S\u00e3o Paulo.<\/p>\n\n\n\n<p>Contamos com profissionais treinados para um bom atendimento, com efici\u00eancia e tecnologia de ponta na constru\u00e7\u00e3o e manuten\u00e7\u00e3o da ind\u00fastria de transforma\u00e7\u00e3o de pl\u00e1sticos com baixo custo.<\/p>\n\n\n\n<p>A Polielos oferece de cortesia a visita de um t\u00e9cnico em pl\u00e1sticos formado pelo Senai com vasta experi\u00eancia para avaliar de imediato atrav\u00e9s de aparelhos espec\u00edficos o mapeamento do desgaste do equipamento com o laudo.<\/p>\n\n\n\n<p>Nossos servi\u00e7os abaixo:<\/p>\n\n\n\n<ul class=\"wp-block-list\">\n<li><a href=\"#\" title=\"\">Cilindros para Extrusora;<\/a><\/li>\n\n\n\n<li><a href=\"#\" title=\"\">Fabrica\u00e7\u00e3o de Cilindros para Extrusora;<\/a><\/li>\n\n\n\n<li><a href=\"#\" title=\"\">Roscas para Extrusora;<\/a><\/li>\n\n\n\n<li><a href=\"#\" title=\"\">Frabrica\u00e7\u00e3o Roscas para Extrusora;<\/a><\/li>\n\n\n\n<li><a href=\"#\" title=\"\">Acess\u00f3rios para Extrusora;<\/a><\/li>\n\n\n\n<li><a href=\"#\" title=\"\">Acess\u00f3rios para Extrusora;<\/a><\/li>\n\n\n\n<li><a href=\"#\" title=\"\">Confec\u00e7\u00e3o de Cilindros para Extrusora;<\/a><\/li>\n\n\n\n<li><a href=\"#\" title=\"\">Confec\u00e7\u00e3o de Roscas para Extrusora;<\/a><\/li>\n\n\n\n<li><a href=\"#\" title=\"\">Manuten\u00e7\u00e3o de Roscas para Extrusora;<\/a><\/li>\n\n\n\n<li><a href=\"#\" title=\"\">Manuten\u00e7\u00e3o de Cilindros para Extrusora;<\/a><\/li>\n\n\n\n<li><a href=\"#\" title=\"\">Cilindros para Injetora;<\/a><\/li>\n\n\n\n<li><a href=\"#\" title=\"\">Fabrica\u00e7\u00e3o de Cilindros para Injetora;<\/a><\/li>\n\n\n\n<li><a href=\"#\" title=\"\">Roscas para Injetora;<\/a><\/li>\n\n\n\n<li><a href=\"#\" title=\"\">Frabrica\u00e7\u00e3o Roscas para Injetora;<\/a><\/li>\n\n\n\n<li><a href=\"#\" title=\"\">Acess\u00f3rios para Injetora;<\/a><\/li>\n\n\n\n<li><a href=\"#\" title=\"\">Acess\u00f3rios para Injetora;<\/a><\/li>\n\n\n\n<li><a href=\"#\" title=\"\">Confec\u00e7\u00e3o de Cilindros para Injetora;<\/a><\/li>\n\n\n\n<li><a href=\"#\" title=\"\">Confec\u00e7\u00e3o de Roscas para Injetora;<\/a><\/li>\n<\/ul>\n","protected":false},"excerpt":{"rendered":"<p>Somos uma empresa empresa especializada na constru\u00e7\u00e3o e recupera\u00e7\u00e3o de cilindros , roscas e perif\u00e9ricos [&hellip;]<\/p>\n","protected":false},"author":1,"featured_media":0,"parent":0,"menu_order":0,"comment_status":"closed","ping_status":"closed","template":"","meta":{"_mi_skip_tracking":false,"footnotes":""},"class_list":["post-2581","page","type-page","status-publish","hentry"],"aioseo_notices":[],"_links":{"self":[{"href":"https:\/\/polielos.com.br\/2023\/index.php\/wp-json\/wp\/v2\/pages\/2581","targetHints":{"allow":["GET"]}}],"collection":[{"href":"https:\/\/polielos.com.br\/2023\/index.php\/wp-json\/wp\/v2\/pages"}],"about":[{"href":"https:\/\/polielos.com.br\/2023\/index.php\/wp-json\/wp\/v2\/types\/page"}],"author":[{"embeddable":true,"href":"https:\/\/polielos.com.br\/2023\/index.php\/wp-json\/wp\/v2\/users\/1"}],"replies":[{"embeddable":true,"href":"https:\/\/polielos.com.br\/2023\/index.php\/wp-json\/wp\/v2\/comments?post=2581"}],"version-history":[{"count":1,"href":"https:\/\/polielos.com.br\/2023\/index.php\/wp-json\/wp\/v2\/pages\/2581\/revisions"}],"predecessor-version":[{"id":2582,"href":"https:\/\/polielos.com.br\/2023\/index.php\/wp-json\/wp\/v2\/pages\/2581\/revisions\/2582"}],"wp:attachment":[{"href":"https:\/\/polielos.com.br\/2023\/index.php\/wp-json\/wp\/v2\/media?parent=2581"}],"curies":[{"name":"wp","href":"https:\/\/api.w.org\/{rel}","templated":true}]}}